{"id":1310,"date":"2020-08-05T22:38:16","date_gmt":"2020-08-05T20:38:16","guid":{"rendered":"https:\/\/www.interiertech.cz\/certificates\/"},"modified":"2026-02-25T09:07:52","modified_gmt":"2026-02-25T08:07:52","slug":"certificates","status":"publish","type":"page","link":"https:\/\/www.interiertech.cz\/en\/certificates\/","title":{"rendered":"Certificates"},"content":{"rendered":"\t\t<div data-elementor-type=\"wp-post\" data-elementor-id=\"1310\" class=\"elementor elementor-1310 elementor-433\" data-elementor-post-type=\"page\">\n\t\t\t\t\t\t<section class=\"elementor-section elementor-top-section elementor-element elementor-element-f9f9054 elementor-section-boxed elementor-section-height-default elementor-section-height-default\" data-id=\"f9f9054\" data-element_type=\"section\" data-e-type=\"section\">\n\t\t\t\t\t\t<div class=\"elementor-container elementor-column-gap-default\">\n\t\t\t\t\t<div class=\"elementor-column elementor-col-100 elementor-top-column elementor-element elementor-element-c1b2a7c\" data-id=\"c1b2a7c\" data-element_type=\"column\" data-e-type=\"column\">\n\t\t\t<div class=\"elementor-widget-wrap elementor-element-populated\">\n\t\t\t\t\t\t<div class=\"elementor-element elementor-element-7ed280f elementor-widget elementor-widget-text-editor\" data-id=\"7ed280f\" data-element_type=\"widget\" data-e-type=\"widget\" data-widget_type=\"text-editor.default\">\n\t\t\t\t\t\t\t\t\tINTERIER TECH is a modern manufacturing company, which is aware that only by continuously improving the quality of its products, meeting customer needs and improving its relationship with the environment, can it contribute to increasing competitiveness among other furniture manufacturers. The management of INTERIER TECH successfully implemented its management quality system according to \u010cSN EN ISO 9001: 2008. INTERIER TECH also meets the requirements relating to the environment and holds the \u010cSN EN ISO 14001: 2008 certificate, while also meeting the occupational safety standards \u010cSN EN ISO 18000. We also hold the Ecologically Friendly Product certificate and the SZ\u00da certificate. The products are suitable for preschool, school and medical facilities and are suitable for susceptible individuals.\t\t\t\t\t\t\t\t<\/div>\n\t\t\t\t<div class=\"elementor-element elementor-element-98703f5 elementor-widget elementor-widget-image-gallery\" data-id=\"98703f5\" data-element_type=\"widget\" data-e-type=\"widget\" data-widget_type=\"image-gallery.default\">\n\t\t\t\t\t\t\t<div class=\"elementor-image-gallery\">\n\t\t\t<div id='gallery-1' class='gallery galleryid-1310 gallery-columns-4 gallery-size-medium_large'><figure class='gallery-item'>\n\t\t\t<div class='gallery-icon portrait'>\n\t\t\t\t<a data-elementor-open-lightbox=\"yes\" data-elementor-lightbox-slideshow=\"98703f5\" data-elementor-lightbox-title=\"Corporate policy 2020\" data-e-action-hash=\"#elementor-action%3Aaction%3Dlightbox%26settings%3DeyJpZCI6MTcwOSwidXJsIjoiaHR0cHM6XC9cL3d3dy5pbnRlcmllcnRlY2guY3pcL3dwXC93cC1jb250ZW50XC91cGxvYWRzXC8yMDIwXC8xMVwvZmlyZW1uaS1wb2xpdGlrYS0yMDIwLmpwZyIsInNsaWRlc2hvdyI6Ijk4NzAzZjUifQ%3D%3D\" href='https:\/\/www.interiertech.cz\/wp\/wp-content\/uploads\/2020\/11\/firemni-politika-2020.jpg'><img fetchpriority=\"high\" width=\"768\" height=\"1183\" src=\"https:\/\/www.interiertech.cz\/wp\/wp-content\/uploads\/2020\/11\/firemni-politika-2020-768x1183.jpg\" class=\"attachment-medium_large size-medium_large\" alt=\"\" aria-describedby=\"gallery-1-1709\" decoding=\"async\" srcset=\"https:\/\/www.interiertech.cz\/wp\/wp-content\/uploads\/2020\/11\/firemni-politika-2020-768x1183.jpg 768w, https:\/\/www.interiertech.cz\/wp\/wp-content\/uploads\/2020\/11\/firemni-politika-2020-195x300.jpg 195w, https:\/\/www.interiertech.cz\/wp\/wp-content\/uploads\/2020\/11\/firemni-politika-2020-665x1024.jpg 665w, https:\/\/www.interiertech.cz\/wp\/wp-content\/uploads\/2020\/11\/firemni-politika-2020-997x1536.jpg 997w, https:\/\/www.interiertech.cz\/wp\/wp-content\/uploads\/2020\/11\/firemni-politika-2020.jpg 1012w\" sizes=\"(max-width: 768px) 100vw, 768px\" \/><\/a>\n\t\t\t<\/div>\n\t\t\t\t<figcaption class='wp-caption-text gallery-caption' id='gallery-1-1709'>\n\t\t\t\tCorporate policy 2020\n\t\t\t\t<\/figcaption><\/figure><figure class='gallery-item'>\n\t\t\t<div class='gallery-icon portrait'>\n\t\t\t\t<a data-elementor-open-lightbox=\"yes\" data-elementor-lightbox-slideshow=\"98703f5\" data-elementor-lightbox-title=\"Eco-friendly product\" data-e-action-hash=\"#elementor-action%3Aaction%3Dlightbox%26settings%3DeyJpZCI6MjQ0NiwidXJsIjoiaHR0cHM6XC9cL3d3dy5pbnRlcmllcnRlY2guY3pcL3dwXC93cC1jb250ZW50XC91cGxvYWRzXC8yMDI2XC8wMlwvZWtvbG9naWNreS1zZXRybnktdnlyb2Jlay0yMDI2LXVwZGF0ZS5qcGciLCJzbGlkZXNob3ciOiI5ODcwM2Y1In0%3D\" href='https:\/\/www.interiertech.cz\/wp\/wp-content\/uploads\/2026\/02\/ekologicky-setrny-vyrobek-2026-update.jpg'><img width=\"596\" height=\"842\" src=\"https:\/\/www.interiertech.cz\/wp\/wp-content\/uploads\/2026\/02\/ekologicky-setrny-vyrobek-2026-update.jpg\" class=\"attachment-medium_large size-medium_large\" alt=\"\" decoding=\"async\" srcset=\"https:\/\/www.interiertech.cz\/wp\/wp-content\/uploads\/2026\/02\/ekologicky-setrny-vyrobek-2026-update.jpg 596w, https:\/\/www.interiertech.cz\/wp\/wp-content\/uploads\/2026\/02\/ekologicky-setrny-vyrobek-2026-update-212x300.jpg 212w\" sizes=\"(max-width: 596px) 100vw, 596px\" \/><\/a>\n\t\t\t<\/div><\/figure><figure class='gallery-item'>\n\t\t\t<div class='gallery-icon portrait'>\n\t\t\t\t<a data-elementor-open-lightbox=\"yes\" data-elementor-lightbox-slideshow=\"98703f5\" data-elementor-lightbox-title=\"EU ecolabel\" data-e-action-hash=\"#elementor-action%3Aaction%3Dlightbox%26settings%3DeyJpZCI6MjQ0NywidXJsIjoiaHR0cHM6XC9cL3d3dy5pbnRlcmllcnRlY2guY3pcL3dwXC93cC1jb250ZW50XC91cGxvYWRzXC8yMDI2XC8wMlwvZXUtZWNvbGFiZWwtMjAyNi11cGRhdGUuanBnIiwic2xpZGVzaG93IjoiOTg3MDNmNSJ9\" href='https:\/\/www.interiertech.cz\/wp\/wp-content\/uploads\/2026\/02\/eu-ecolabel-2026-update.jpg'><img width=\"596\" height=\"842\" src=\"https:\/\/www.interiertech.cz\/wp\/wp-content\/uploads\/2026\/02\/eu-ecolabel-2026-update.jpg\" class=\"attachment-medium_large size-medium_large\" alt=\"\" decoding=\"async\" srcset=\"https:\/\/www.interiertech.cz\/wp\/wp-content\/uploads\/2026\/02\/eu-ecolabel-2026-update.jpg 596w, https:\/\/www.interiertech.cz\/wp\/wp-content\/uploads\/2026\/02\/eu-ecolabel-2026-update-212x300.jpg 212w\" sizes=\"(max-width: 596px) 100vw, 596px\" \/><\/a>\n\t\t\t<\/div><\/figure><figure class='gallery-item'>\n\t\t\t<div class='gallery-icon portrait'>\n\t\t\t\t<a data-elementor-open-lightbox=\"yes\" data-elementor-lightbox-slideshow=\"98703f5\" data-elementor-lightbox-title=\"EKO-KOM\" data-e-action-hash=\"#elementor-action%3Aaction%3Dlightbox%26settings%3DeyJpZCI6MTcwMCwidXJsIjoiaHR0cHM6XC9cL3d3dy5pbnRlcmllcnRlY2guY3pcL3dwXC93cC1jb250ZW50XC91cGxvYWRzXC8yMDIwXC8xMVwvZWtvLWtvbS5qcGciLCJzbGlkZXNob3ciOiI5ODcwM2Y1In0%3D\" href='https:\/\/www.interiertech.cz\/wp\/wp-content\/uploads\/2020\/11\/eko-kom.jpg'><img loading=\"lazy\" width=\"768\" height=\"1091\" src=\"https:\/\/www.interiertech.cz\/wp\/wp-content\/uploads\/2020\/11\/eko-kom-768x1091.jpg\" class=\"attachment-medium_large size-medium_large\" alt=\"\" aria-describedby=\"gallery-1-1700\" decoding=\"async\" srcset=\"https:\/\/www.interiertech.cz\/wp\/wp-content\/uploads\/2020\/11\/eko-kom-768x1091.jpg 768w, https:\/\/www.interiertech.cz\/wp\/wp-content\/uploads\/2020\/11\/eko-kom-211x300.jpg 211w, https:\/\/www.interiertech.cz\/wp\/wp-content\/uploads\/2020\/11\/eko-kom-721x1024.jpg 721w, https:\/\/www.interiertech.cz\/wp\/wp-content\/uploads\/2020\/11\/eko-kom-1081x1536.jpg 1081w, https:\/\/www.interiertech.cz\/wp\/wp-content\/uploads\/2020\/11\/eko-kom.jpg 1256w\" sizes=\"(max-width: 768px) 100vw, 768px\" \/><\/a>\n\t\t\t<\/div>\n\t\t\t\t<figcaption class='wp-caption-text gallery-caption' id='gallery-1-1700'>\n\t\t\t\tEKO-KOM\n\t\t\t\t<\/figcaption><\/figure><figure class='gallery-item'>\n\t\t\t<div class='gallery-icon portrait'>\n\t\t\t\t<a data-elementor-open-lightbox=\"yes\" data-elementor-lightbox-slideshow=\"98703f5\" data-elementor-lightbox-title=\"\u010cSN EN ISO 18001\" data-e-action-hash=\"#elementor-action%3Aaction%3Dlightbox%26settings%3DeyJpZCI6MTY5NywidXJsIjoiaHR0cHM6XC9cL3d3dy5pbnRlcmllcnRlY2guY3pcL3dwXC93cC1jb250ZW50XC91cGxvYWRzXC8yMDIwXC8xMVwvY3NuLWVuLWlzby0xODAwMS5qcGciLCJzbGlkZXNob3ciOiI5ODcwM2Y1In0%3D\" href='https:\/\/www.interiertech.cz\/wp\/wp-content\/uploads\/2020\/11\/csn-en-iso-18001.jpg'><img loading=\"lazy\" width=\"768\" height=\"1099\" src=\"https:\/\/www.interiertech.cz\/wp\/wp-content\/uploads\/2020\/11\/csn-en-iso-18001-768x1099.jpg\" class=\"attachment-medium_large size-medium_large\" alt=\"\" aria-describedby=\"gallery-1-1697\" decoding=\"async\" srcset=\"https:\/\/www.interiertech.cz\/wp\/wp-content\/uploads\/2020\/11\/csn-en-iso-18001-768x1099.jpg 768w, https:\/\/www.interiertech.cz\/wp\/wp-content\/uploads\/2020\/11\/csn-en-iso-18001-210x300.jpg 210w, https:\/\/www.interiertech.cz\/wp\/wp-content\/uploads\/2020\/11\/csn-en-iso-18001-716x1024.jpg 716w, https:\/\/www.interiertech.cz\/wp\/wp-content\/uploads\/2020\/11\/csn-en-iso-18001-1073x1536.jpg 1073w, https:\/\/www.interiertech.cz\/wp\/wp-content\/uploads\/2020\/11\/csn-en-iso-18001.jpg 1248w\" sizes=\"(max-width: 768px) 100vw, 768px\" \/><\/a>\n\t\t\t<\/div>\n\t\t\t\t<figcaption class='wp-caption-text gallery-caption' id='gallery-1-1697'>\n\t\t\t\t\u010cSN EN ISO 18001\n\t\t\t\t<\/figcaption><\/figure><figure class='gallery-item'>\n\t\t\t<div class='gallery-icon portrait'>\n\t\t\t\t<a data-elementor-open-lightbox=\"yes\" data-elementor-lightbox-slideshow=\"98703f5\" data-elementor-lightbox-title=\"\u010cSN EN ISO 14001\" data-e-action-hash=\"#elementor-action%3Aaction%3Dlightbox%26settings%3DeyJpZCI6MTY5NCwidXJsIjoiaHR0cHM6XC9cL3d3dy5pbnRlcmllcnRlY2guY3pcL3dwXC93cC1jb250ZW50XC91cGxvYWRzXC8yMDIwXC8xMVwvY3NuLWVuLWlzby0xNDAwMS5qcGciLCJzbGlkZXNob3ciOiI5ODcwM2Y1In0%3D\" href='https:\/\/www.interiertech.cz\/wp\/wp-content\/uploads\/2020\/11\/csn-en-iso-14001.jpg'><img loading=\"lazy\" width=\"768\" height=\"1100\" src=\"https:\/\/www.interiertech.cz\/wp\/wp-content\/uploads\/2020\/11\/csn-en-iso-14001-768x1100.jpg\" class=\"attachment-medium_large size-medium_large\" alt=\"\" aria-describedby=\"gallery-1-1694\" decoding=\"async\" srcset=\"https:\/\/www.interiertech.cz\/wp\/wp-content\/uploads\/2020\/11\/csn-en-iso-14001-768x1100.jpg 768w, https:\/\/www.interiertech.cz\/wp\/wp-content\/uploads\/2020\/11\/csn-en-iso-14001-209x300.jpg 209w, https:\/\/www.interiertech.cz\/wp\/wp-content\/uploads\/2020\/11\/csn-en-iso-14001-715x1024.jpg 715w, https:\/\/www.interiertech.cz\/wp\/wp-content\/uploads\/2020\/11\/csn-en-iso-14001-1073x1536.jpg 1073w, https:\/\/www.interiertech.cz\/wp\/wp-content\/uploads\/2020\/11\/csn-en-iso-14001.jpg 1250w\" sizes=\"(max-width: 768px) 100vw, 768px\" \/><\/a>\n\t\t\t<\/div>\n\t\t\t\t<figcaption class='wp-caption-text gallery-caption' id='gallery-1-1694'>\n\t\t\t\t\u010cSN EN ISO 14001\n\t\t\t\t<\/figcaption><\/figure><figure class='gallery-item'>\n\t\t\t<div class='gallery-icon portrait'>\n\t\t\t\t<a data-elementor-open-lightbox=\"yes\" data-elementor-lightbox-slideshow=\"98703f5\" data-elementor-lightbox-title=\"\u010cSN EN ISO 9001\" data-e-action-hash=\"#elementor-action%3Aaction%3Dlightbox%26settings%3DeyJpZCI6MTY5MSwidXJsIjoiaHR0cHM6XC9cL3d3dy5pbnRlcmllcnRlY2guY3pcL3dwXC93cC1jb250ZW50XC91cGxvYWRzXC8yMDIwXC8xMVwvY3NuLWVuLWlzby05MDAxLmpwZyIsInNsaWRlc2hvdyI6Ijk4NzAzZjUifQ%3D%3D\" href='https:\/\/www.interiertech.cz\/wp\/wp-content\/uploads\/2020\/11\/csn-en-iso-9001.jpg'><img loading=\"lazy\" width=\"768\" height=\"1100\" src=\"https:\/\/www.interiertech.cz\/wp\/wp-content\/uploads\/2020\/11\/csn-en-iso-9001-768x1100.jpg\" class=\"attachment-medium_large size-medium_large\" alt=\"\" aria-describedby=\"gallery-1-1691\" decoding=\"async\" srcset=\"https:\/\/www.interiertech.cz\/wp\/wp-content\/uploads\/2020\/11\/csn-en-iso-9001-768x1100.jpg 768w, https:\/\/www.interiertech.cz\/wp\/wp-content\/uploads\/2020\/11\/csn-en-iso-9001-210x300.jpg 210w, https:\/\/www.interiertech.cz\/wp\/wp-content\/uploads\/2020\/11\/csn-en-iso-9001-715x1024.jpg 715w, https:\/\/www.interiertech.cz\/wp\/wp-content\/uploads\/2020\/11\/csn-en-iso-9001-1073x1536.jpg 1073w, https:\/\/www.interiertech.cz\/wp\/wp-content\/uploads\/2020\/11\/csn-en-iso-9001.jpg 1257w\" sizes=\"(max-width: 768px) 100vw, 768px\" \/><\/a>\n\t\t\t<\/div>\n\t\t\t\t<figcaption class='wp-caption-text gallery-caption' id='gallery-1-1691'>\n\t\t\t\t\u010cSN EN ISO 9001\n\t\t\t\t<\/figcaption><\/figure><figure class='gallery-item'>\n\t\t\t<div class='gallery-icon portrait'>\n\t\t\t\t<a data-elementor-open-lightbox=\"yes\" data-elementor-lightbox-slideshow=\"98703f5\" data-elementor-lightbox-title=\"Asociace \u010cesk\u00fdch N\u00e1bytk\u00e1\u0159\u016f\" data-e-action-hash=\"#elementor-action%3Aaction%3Dlightbox%26settings%3DeyJpZCI6MTY4OCwidXJsIjoiaHR0cHM6XC9cL3d3dy5pbnRlcmllcnRlY2guY3pcL3dwXC93cC1jb250ZW50XC91cGxvYWRzXC8yMDIwXC8xMVwvYXNvY2lhY2UtY2Vza3ljaC1uYWJ5dGthcnUuanBnIiwic2xpZGVzaG93IjoiOTg3MDNmNSJ9\" href='https:\/\/www.interiertech.cz\/wp\/wp-content\/uploads\/2020\/11\/asociace-ceskych-nabytkaru.jpg'><img loading=\"lazy\" width=\"768\" height=\"1093\" src=\"https:\/\/www.interiertech.cz\/wp\/wp-content\/uploads\/2020\/11\/asociace-ceskych-nabytkaru-768x1093.jpg\" class=\"attachment-medium_large size-medium_large\" alt=\"\" aria-describedby=\"gallery-1-1688\" decoding=\"async\" srcset=\"https:\/\/www.interiertech.cz\/wp\/wp-content\/uploads\/2020\/11\/asociace-ceskych-nabytkaru-768x1093.jpg 768w, https:\/\/www.interiertech.cz\/wp\/wp-content\/uploads\/2020\/11\/asociace-ceskych-nabytkaru-211x300.jpg 211w, https:\/\/www.interiertech.cz\/wp\/wp-content\/uploads\/2020\/11\/asociace-ceskych-nabytkaru-719x1024.jpg 719w, https:\/\/www.interiertech.cz\/wp\/wp-content\/uploads\/2020\/11\/asociace-ceskych-nabytkaru-1079x1536.jpg 1079w, https:\/\/www.interiertech.cz\/wp\/wp-content\/uploads\/2020\/11\/asociace-ceskych-nabytkaru.jpg 1261w\" sizes=\"(max-width: 768px) 100vw, 768px\" \/><\/a>\n\t\t\t<\/div>\n\t\t\t\t<figcaption class='wp-caption-text gallery-caption' id='gallery-1-1688'>\n\t\t\t\tAsociace \u010cesk\u00fdch N\u00e1bytk\u00e1\u0159\u016f\n\t\t\t\t<\/figcaption><\/figure>\n\t\t<\/div>\n\t\t<\/div>\n\t\t\t\t\t\t<\/div>\n\t\t\t\t\t<\/div>\n\t\t<\/div>\n\t\t\t\t\t<\/div>\n\t\t<\/section>\n\t\t\t\t<\/div>\n\t\t","protected":false},"excerpt":{"rendered":"<p>INTERIER TECH is a modern manufacturing company, which is aware that only by continuously improving the quality of its products, meeting customer needs and improving its relationship with the environment, can it contribute to increasing competitiveness among other furniture manufacturers. The management of INTERIER TECH successfully implemented its management quality system according to \u010cSN EN [&hellip;]<\/p>\n","protected":false},"author":1,"featured_media":0,"parent":0,"menu_order":0,"comment_status":"closed","ping_status":"closed","template":"","meta":{"_acf_changed":false,"footnotes":""},"class_list":["post-1310","page","type-page","status-publish","hentry"],"acf":[],"_links":{"self":[{"href":"https:\/\/www.interiertech.cz\/en\/wp-json\/wp\/v2\/pages\/1310","targetHints":{"allow":["GET"]}}],"collection":[{"href":"https:\/\/www.interiertech.cz\/en\/wp-json\/wp\/v2\/pages"}],"about":[{"href":"https:\/\/www.interiertech.cz\/en\/wp-json\/wp\/v2\/types\/page"}],"author":[{"embeddable":true,"href":"https:\/\/www.interiertech.cz\/en\/wp-json\/wp\/v2\/users\/1"}],"replies":[{"embeddable":true,"href":"https:\/\/www.interiertech.cz\/en\/wp-json\/wp\/v2\/comments?post=1310"}],"version-history":[{"count":7,"href":"https:\/\/www.interiertech.cz\/en\/wp-json\/wp\/v2\/pages\/1310\/revisions"}],"predecessor-version":[{"id":2448,"href":"https:\/\/www.interiertech.cz\/en\/wp-json\/wp\/v2\/pages\/1310\/revisions\/2448"}],"wp:attachment":[{"href":"https:\/\/www.interiertech.cz\/en\/wp-json\/wp\/v2\/media?parent=1310"}],"curies":[{"name":"wp","href":"https:\/\/api.w.org\/{rel}","templated":true}]}}